{"id":29,"date":"2021-11-06T08:05:20","date_gmt":"2021-11-06T11:05:20","guid":{"rendered":"https:\/\/gustavomascarenhas.com.br\/?page_id=29"},"modified":"2024-06-17T16:44:24","modified_gmt":"2024-06-17T19:44:24","slug":"home","status":"publish","type":"page","link":"https:\/\/gmvvadvogados.com.br\/en\/","title":{"rendered":"Home"},"content":{"rendered":"<div data-elementor-type=\"wp-page\" data-elementor-id=\"29\" class=\"elementor elementor-29\" data-elementor-post-type=\"page\">\n\t\t\t\t\t\t<section class=\"elementor-section elementor-top-section elementor-element elementor-element-1614148a elementor-section-height-full elementor-section-items-bottom elementor-section-full_width elementor-section-height-default\" data-id=\"1614148a\" data-element_type=\"section\" data-e-type=\"section\" data-settings=\"{&quot;background_background&quot;:&quot;classic&quot;}\">\n\t\t\t\t\t\t\t<div class=\"elementor-background-overlay\"><\/div>\n\t\t\t\t\t\t\t<div class=\"elementor-container elementor-column-gap-default\">\n\t\t\t\t\t<div class=\"elementor-column elementor-col-50 elementor-top-column elementor-element elementor-element-3ef4e4be\" data-id=\"3ef4e4be\" data-element_type=\"column\" data-e-type=\"column\" data-settings=\"{&quot;background_background&quot;:&quot;slideshow&quot;,&quot;background_slideshow_gallery&quot;:[{&quot;id&quot;:829,&quot;url&quot;:&quot;https:\\\/\\\/gmvvadvogados.com.br\\\/wp-content\\\/uploads\\\/2023\\\/05\\\/6.jpg&quot;},{&quot;id&quot;:851,&quot;url&quot;:&quot;https:\\\/\\\/gmvvadvogados.com.br\\\/wp-content\\\/uploads\\\/2023\\\/09\\\/354A0608.jpg&quot;},{&quot;id&quot;:916,&quot;url&quot;:&quot;https:\\\/\\\/gmvvadvogados.com.br\\\/wp-content\\\/uploads\\\/2023\\\/11\\\/354A0287-1.jpg&quot;},{&quot;id&quot;:853,&quot;url&quot;:&quot;https:\\\/\\\/gmvvadvogados.com.br\\\/wp-content\\\/uploads\\\/2023\\\/09\\\/354A0107.jpg&quot;},{&quot;id&quot;:915,&quot;url&quot;:&quot;https:\\\/\\\/gmvvadvogados.com.br\\\/wp-content\\\/uploads\\\/2023\\\/11\\\/354A0122-1.jpg&quot;},{&quot;id&quot;:914,&quot;url&quot;:&quot;https:\\\/\\\/gmvvadvogados.com.br\\\/wp-content\\\/uploads\\\/2023\\\/11\\\/354A0134-1.jpg&quot;},{&quot;id&quot;:856,&quot;url&quot;:&quot;https:\\\/\\\/gmvvadvogados.com.br\\\/wp-content\\\/uploads\\\/2023\\\/09\\\/354A0176.jpg&quot;}],&quot;background_slideshow_slide_duration&quot;:3500,&quot;background_slideshow_loop&quot;:&quot;yes&quot;,&quot;background_slideshow_slide_transition&quot;:&quot;fade&quot;,&quot;background_slideshow_transition_duration&quot;:500}\">\n\t\t\t<div class=\"elementor-widget-wrap elementor-element-populated\">\n\t\t\t\t\t<div class=\"elementor-background-overlay\"><\/div>\n\t\t\t\t\t\t<div class=\"elementor-element elementor-element-23e8b81 elementor-widget elementor-widget-spacer\" data-id=\"23e8b81\" data-element_type=\"widget\" data-e-type=\"widget\" data-widget_type=\"spacer.default\">\n\t\t\t\t\t\t\t<div class=\"elementor-spacer\">\n\t\t\t<div class=\"elementor-spacer-inner\"><\/div>\n\t\t<\/div>\n\t\t\t\t\t\t<\/div>\n\t\t\t\t\t<\/div>\n\t\t<\/div>\n\t\t\t\t<div class=\"elementor-column elementor-col-50 elementor-top-column elementor-element elementor-element-1ccce54\" data-id=\"1ccce54\" data-element_type=\"column\" data-e-type=\"column\" data-settings=\"{&quot;background_background&quot;:&quot;classic&quot;}\">\n\t\t\t<div class=\"elementor-widget-wrap elementor-element-populated\">\n\t\t\t\t\t<div class=\"elementor-background-overlay\"><\/div>\n\t\t\t\t\t\t<div class=\"elementor-element elementor-element-9171a22 elementor-widget elementor-widget-spacer\" data-id=\"9171a22\" data-element_type=\"widget\" data-e-type=\"widget\" data-widget_type=\"spacer.default\">\n\t\t\t\t\t\t\t<div class=\"elementor-spacer\">\n\t\t\t<div class=\"elementor-spacer-inner\"><\/div>\n\t\t<\/div>\n\t\t\t\t\t\t<\/div>\n\t\t\t\t\t<\/div>\n\t\t<\/div>\n\t\t\t\t\t<\/div>\n\t\t<\/section>\n\t\t\t\t<section class=\"elementor-section elementor-top-section elementor-element elementor-element-2fe8a9f5 elementor-section-boxed elementor-section-height-default elementor-section-height-default\" data-id=\"2fe8a9f5\" data-element_type=\"section\" data-e-type=\"section\">\n\t\t\t\t\t\t<div class=\"elementor-container elementor-column-gap-default\">\n\t\t\t\t\t<div class=\"elementor-column elementor-col-100 elementor-top-column elementor-element elementor-element-5d7ea0a1\" data-id=\"5d7ea0a1\" data-element_type=\"column\" data-e-type=\"column\">\n\t\t\t<div class=\"elementor-widget-wrap elementor-element-populated\">\n\t\t\t\t\t\t<div class=\"elementor-element elementor-element-6859df2c elementor-widget__width-auto elementor-widget-divider--view-line elementor-widget elementor-widget-divider\" data-id=\"6859df2c\" data-element_type=\"widget\" data-e-type=\"widget\" data-widget_type=\"divider.default\">\n\t\t\t\t\t\t\t<div class=\"elementor-divider\">\n\t\t\t<span class=\"elementor-divider-separator\">\n\t\t\t\t\t\t<\/span>\n\t\t<\/div>\n\t\t\t\t\t\t<\/div>\n\t\t\t\t<div class=\"elementor-element elementor-element-68005c6a elementor-widget__width-auto elementor-widget elementor-widget-heading\" data-id=\"68005c6a\" data-element_type=\"widget\" data-e-type=\"widget\" data-widget_type=\"heading.default\">\n\t\t\t\t\t<h2 class=\"elementor-heading-title elementor-size-default\">THE FIRM<\/h2>\t\t\t\t<\/div>\n\t\t\t\t\t<\/div>\n\t\t<\/div>\n\t\t\t\t\t<\/div>\n\t\t<\/section>\n\t\t\t\t<section class=\"elementor-section elementor-top-section elementor-element elementor-element-6d39697 elementor-section-boxed elementor-section-height-default elementor-section-height-default\" data-id=\"6d39697\" data-element_type=\"section\" data-e-type=\"section\">\n\t\t\t\t\t\t<div class=\"elementor-container elementor-column-gap-default\">\n\t\t\t\t\t<div class=\"elementor-column elementor-col-50 elementor-top-column elementor-element elementor-element-250eeb85\" data-id=\"250eeb85\" data-element_type=\"column\" data-e-type=\"column\">\n\t\t\t<div class=\"elementor-widget-wrap elementor-element-populated\">\n\t\t\t\t\t\t<div class=\"elementor-element elementor-element-d5b4a22 elementor-widget elementor-widget-text-editor\" data-id=\"d5b4a22\" data-element_type=\"widget\" data-e-type=\"widget\" data-widget_type=\"text-editor.default\">\n\t\t\t\t\t\t\t\t\t<p>Gustavo and Vinicius met while working in the offices of Ministers at the Supreme Federal Court and began developing academic projects together, such as the research that led to the \"Penal Observatory,\" which involved statistical and content analysis of the habeas corpus granted by the STF in recent years.<br \/>Gustavo returned to law in September 2021, following the retirement of Minister Marco Aur\u00e9lio. In August 2022, Vinicius joined the professional project to establish a law firm bearing both their names and a shared goal: to offer technical and effective legal services based on consistent studies, real-world data, and solid practical experience.<br \/>Thus, the firm connects practical legal experience with the academic involvement of its partners, who are professors at universities at the undergraduate, specialization, master\u2019s, and doctoral levels.<\/p>\t\t\t\t\t\t\t\t<\/div>\n\t\t\t\t\t<\/div>\n\t\t<\/div>\n\t\t\t\t<div class=\"elementor-column elementor-col-50 elementor-top-column elementor-element elementor-element-9d52b88\" data-id=\"9d52b88\" data-element_type=\"column\" data-e-type=\"column\" data-settings=\"{&quot;background_background&quot;:&quot;classic&quot;}\">\n\t\t\t<div class=\"elementor-widget-wrap elementor-element-populated\">\n\t\t\t\t\t\t<section class=\"elementor-section elementor-inner-section elementor-element elementor-element-ba7e967 elementor-section-boxed elementor-section-height-default elementor-section-height-default\" data-id=\"ba7e967\" data-element_type=\"section\" data-e-type=\"section\" data-settings=\"{&quot;background_background&quot;:&quot;classic&quot;}\">\n\t\t\t\t\t\t<div class=\"elementor-container elementor-column-gap-default\">\n\t\t\t\t\t<div class=\"elementor-column elementor-col-100 elementor-inner-column elementor-element elementor-element-702e348\" data-id=\"702e348\" data-element_type=\"column\" data-e-type=\"column\" data-settings=\"{&quot;background_background&quot;:&quot;classic&quot;}\">\n\t\t\t<div class=\"elementor-widget-wrap elementor-element-populated\">\n\t\t\t\t\t\t<div class=\"elementor-element elementor-element-a1e17ea elementor-widget elementor-widget-text-editor\" data-id=\"a1e17ea\" data-element_type=\"widget\" data-e-type=\"widget\" data-widget_type=\"text-editor.default\">\n\t\t\t\t\t\t\t\t\t<p>\u201cI acknowledge, with satisfaction, that throughout the period in which he served in my Cabinet, occupying the position of Clerk, he stood out for his kindness in dealing with colleagues, carrying out assignmentes with dedication and singular proficiency, in contribution to the national legal system.\u201d<br \/><br \/><strong>\u00a0 \u00a0 \u00a0 \u00a0 \u00a0 \u00a0 \u00a0 \u00a0 \u00a0 \u00a0 \u00a0 \u00a0 \u00a0 \u00a0 \u00a0 \u00a0 \u00a0 \u00a0 \u00a0 \u00a0 \u00a0 \u00a0 \u00a0 \u00a0 \u00a0 \u00a0 \u00a0 \u00a0 \u00a0 \u00a0 \u00a0 \u00a0 \u00a0 \u00a0Justice Marco Aur\u00e9lio<\/strong><\/p>\t\t\t\t\t\t\t\t<\/div>\n\t\t\t\t\t<\/div>\n\t\t<\/div>\n\t\t\t\t\t<\/div>\n\t\t<\/section>\n\t\t\t\t<section class=\"elementor-section elementor-inner-section elementor-element elementor-element-ce1eb29 elementor-section-boxed elementor-section-height-default elementor-section-height-default\" data-id=\"ce1eb29\" data-element_type=\"section\" data-e-type=\"section\" data-settings=\"{&quot;background_background&quot;:&quot;classic&quot;}\">\n\t\t\t\t\t\t<div class=\"elementor-container elementor-column-gap-default\">\n\t\t\t\t\t<div class=\"elementor-column elementor-col-100 elementor-inner-column elementor-element elementor-element-21b3be3\" data-id=\"21b3be3\" data-element_type=\"column\" data-e-type=\"column\" data-settings=\"{&quot;background_background&quot;:&quot;classic&quot;}\">\n\t\t\t<div class=\"elementor-widget-wrap elementor-element-populated\">\n\t\t\t\t\t\t<div class=\"elementor-element elementor-element-5554423 elementor-widget elementor-widget-text-editor\" data-id=\"5554423\" data-element_type=\"widget\" data-e-type=\"widget\" data-widget_type=\"text-editor.default\">\n\t\t\t\t\t\t\t\t\t<p>&#8220;Dear Gustavo, I have recently reviewed your article &#8220;Racial discrimination&#8221; and found it most informative [&#8230;]It is a creative and enlightening argument to explore the use of criminal law as an instrument for the promotion of human rights&#8221;<\/p><p><strong>\u00a0 David Harris, Professor, Harvard<\/strong><\/p>\t\t\t\t\t\t\t\t<\/div>\n\t\t\t\t\t<\/div>\n\t\t<\/div>\n\t\t\t\t\t<\/div>\n\t\t<\/section>\n\t\t\t\t\t<\/div>\n\t\t<\/div>\n\t\t\t\t\t<\/div>\n\t\t<\/section>\n\t\t\t\t<section class=\"elementor-section elementor-top-section elementor-element elementor-element-761e3af elementor-section-boxed elementor-section-height-default elementor-section-height-default\" data-id=\"761e3af\" data-element_type=\"section\" data-e-type=\"section\">\n\t\t\t\t\t\t<div class=\"elementor-container elementor-column-gap-default\">\n\t\t\t\t\t<div class=\"elementor-column elementor-col-100 elementor-top-column elementor-element elementor-element-e3732b0\" data-id=\"e3732b0\" data-element_type=\"column\" data-e-type=\"column\">\n\t\t\t<div class=\"elementor-widget-wrap elementor-element-populated\">\n\t\t\t\t\t\t<div class=\"elementor-element elementor-element-89ea0c3 elementor-widget__width-auto elementor-widget-divider--view-line elementor-widget elementor-widget-divider\" data-id=\"89ea0c3\" data-element_type=\"widget\" data-e-type=\"widget\" data-widget_type=\"divider.default\">\n\t\t\t\t\t\t\t<div class=\"elementor-divider\">\n\t\t\t<span class=\"elementor-divider-separator\">\n\t\t\t\t\t\t<\/span>\n\t\t<\/div>\n\t\t\t\t\t\t<\/div>\n\t\t\t\t<div class=\"elementor-element elementor-element-dbfb8f6 elementor-widget__width-auto elementor-widget-mobile__width-initial elementor-widget elementor-widget-heading\" data-id=\"dbfb8f6\" data-element_type=\"widget\" data-e-type=\"widget\" data-widget_type=\"heading.default\">\n\t\t\t\t\t<h2 class=\"elementor-heading-title elementor-size-default\">Consultancy and opinions:<\/h2>\t\t\t\t<\/div>\n\t\t\t\t\t<\/div>\n\t\t<\/div>\n\t\t\t\t\t<\/div>\n\t\t<\/section>\n\t\t\t\t<section class=\"elementor-section elementor-top-section elementor-element elementor-element-b660258 elementor-section-boxed elementor-section-height-default elementor-section-height-default\" data-id=\"b660258\" data-element_type=\"section\" data-e-type=\"section\">\n\t\t\t\t\t\t<div class=\"elementor-container elementor-column-gap-default\">\n\t\t\t\t\t<div class=\"elementor-column elementor-col-100 elementor-top-column elementor-element elementor-element-8c6ce85\" data-id=\"8c6ce85\" data-element_type=\"column\" data-e-type=\"column\">\n\t\t\t<div class=\"elementor-widget-wrap elementor-element-populated\">\n\t\t\t\t\t\t<div class=\"elementor-element elementor-element-3633c78 elementor-widget elementor-widget-text-editor\" data-id=\"3633c78\" data-element_type=\"widget\" data-e-type=\"widget\" data-widget_type=\"text-editor.default\">\n\t\t\t\t\t\t\t\t\t<p>The firm also operates in the advisory field, aiming to guide the actions of individuals and legal entities through ongoing consultancy or the preparation of legal opinions.<br \/>Additionally, the firm is involved in preparing legal opinions for specific cases, where the academic background of the partners stands out, especially on topics related to their main areas of research and scholarly production. The legal opinion provides theoretical support for the work of partner firms or for inclusion in proceedings, offering legal solutions to the challenges faced.<\/p>\t\t\t\t\t\t\t\t<\/div>\n\t\t\t\t<div class=\"elementor-element elementor-element-84b175b elementor-hidden-desktop elementor-hidden-tablet elementor-hidden-mobile elementor-widget elementor-widget-image\" data-id=\"84b175b\" data-element_type=\"widget\" data-e-type=\"widget\" data-widget_type=\"image.default\">\n\t\t\t\t\t\t\t\t\t\t\t\t\t\t\t<img fetchpriority=\"high\" decoding=\"async\" width=\"1920\" height=\"885\" src=\"https:\/\/gmvvadvogados.com.br\/wp-content\/uploads\/2022\/11\/foto1.jpg\" class=\"attachment-full size-full wp-image-661\" alt=\"\" srcset=\"https:\/\/gmvvadvogados.com.br\/wp-content\/uploads\/2022\/11\/foto1.jpg 1920w, https:\/\/gmvvadvogados.com.br\/wp-content\/uploads\/2022\/11\/foto1-300x138.jpg 300w, https:\/\/gmvvadvogados.com.br\/wp-content\/uploads\/2022\/11\/foto1-1024x472.jpg 1024w, https:\/\/gmvvadvogados.com.br\/wp-content\/uploads\/2022\/11\/foto1-768x354.jpg 768w, https:\/\/gmvvadvogados.com.br\/wp-content\/uploads\/2022\/11\/foto1-1536x708.jpg 1536w, https:\/\/gmvvadvogados.com.br\/wp-content\/uploads\/2022\/11\/foto1-18x8.jpg 18w\" sizes=\"(max-width: 1920px) 100vw, 1920px\" \/>\t\t\t\t\t\t\t\t\t\t\t\t\t\t\t<\/div>\n\t\t\t\t<div class=\"elementor-element elementor-element-e13171a elementor-hidden-desktop elementor-hidden-tablet elementor-widget elementor-widget-image\" data-id=\"e13171a\" data-element_type=\"widget\" data-e-type=\"widget\" data-widget_type=\"image.default\">\n\t\t\t\t\t\t\t\t\t\t\t\t\t\t\t<img decoding=\"async\" width=\"1921\" height=\"1281\" src=\"https:\/\/gmvvadvogados.com.br\/wp-content\/uploads\/2022\/11\/3.jpg\" class=\"attachment-full size-full wp-image-791\" alt=\"\" srcset=\"https:\/\/gmvvadvogados.com.br\/wp-content\/uploads\/2022\/11\/3.jpg 1921w, https:\/\/gmvvadvogados.com.br\/wp-content\/uploads\/2022\/11\/3-300x200.jpg 300w, https:\/\/gmvvadvogados.com.br\/wp-content\/uploads\/2022\/11\/3-1024x683.jpg 1024w, https:\/\/gmvvadvogados.com.br\/wp-content\/uploads\/2022\/11\/3-768x512.jpg 768w, https:\/\/gmvvadvogados.com.br\/wp-content\/uploads\/2022\/11\/3-1536x1024.jpg 1536w, https:\/\/gmvvadvogados.com.br\/wp-content\/uploads\/2022\/11\/3-18x12.jpg 18w\" sizes=\"(max-width: 1921px) 100vw, 1921px\" \/>\t\t\t\t\t\t\t\t\t\t\t\t\t\t\t<\/div>\n\t\t\t\t\t<\/div>\n\t\t<\/div>\n\t\t\t\t\t<\/div>\n\t\t<\/section>\n\t\t\t\t<section class=\"elementor-section elementor-top-section elementor-element elementor-element-ff7ce7d elementor-section-boxed elementor-section-height-default elementor-section-height-default\" data-id=\"ff7ce7d\" data-element_type=\"section\" data-e-type=\"section\">\n\t\t\t\t\t\t<div class=\"elementor-container elementor-column-gap-default\">\n\t\t\t\t\t<div class=\"elementor-column elementor-col-50 elementor-top-column elementor-element elementor-element-eb78bfc\" data-id=\"eb78bfc\" data-element_type=\"column\" data-e-type=\"column\">\n\t\t\t<div class=\"elementor-widget-wrap elementor-element-populated\">\n\t\t\t\t\t\t<div class=\"elementor-element elementor-element-5162a08 elementor-widget__width-auto elementor-widget-divider--view-line elementor-widget elementor-widget-divider\" data-id=\"5162a08\" data-element_type=\"widget\" data-e-type=\"widget\" data-widget_type=\"divider.default\">\n\t\t\t\t\t\t\t<div class=\"elementor-divider\">\n\t\t\t<span class=\"elementor-divider-separator\">\n\t\t\t\t\t\t<\/span>\n\t\t<\/div>\n\t\t\t\t\t\t<\/div>\n\t\t\t\t<div class=\"elementor-element elementor-element-6c6b63a elementor-widget__width-auto elementor-widget elementor-widget-heading\" data-id=\"6c6b63a\" data-element_type=\"widget\" data-e-type=\"widget\" data-widget_type=\"heading.default\">\n\t\t\t\t\t<h2 class=\"elementor-heading-title elementor-size-default\">Research and application<\/h2>\t\t\t\t<\/div>\n\t\t\t\t\t<\/div>\n\t\t<\/div>\n\t\t\t\t<div class=\"elementor-column elementor-col-50 elementor-top-column elementor-element elementor-element-ace84d1\" data-id=\"ace84d1\" data-element_type=\"column\" data-e-type=\"column\">\n\t\t\t<div class=\"elementor-widget-wrap elementor-element-populated\">\n\t\t\t\t\t\t<div class=\"elementor-element elementor-element-55ae296 elementor-widget elementor-widget-image\" data-id=\"55ae296\" data-element_type=\"widget\" data-e-type=\"widget\" data-widget_type=\"image.default\">\n\t\t\t\t\t\t\t\t\t\t\t\t\t\t\t<img decoding=\"async\" width=\"800\" height=\"209\" src=\"https:\/\/gmvvadvogados.com.br\/wp-content\/uploads\/2021\/11\/Circulos_e_linhas_2-.svg\" class=\"attachment-large size-large wp-image-390\" alt=\"\" \/>\t\t\t\t\t\t\t\t\t\t\t\t\t\t\t<\/div>\n\t\t\t\t\t<\/div>\n\t\t<\/div>\n\t\t\t\t\t<\/div>\n\t\t<\/section>\n\t\t\t\t<section class=\"elementor-section elementor-top-section elementor-element elementor-element-e9a5b4a elementor-section-boxed elementor-section-height-default elementor-section-height-default\" data-id=\"e9a5b4a\" data-element_type=\"section\" data-e-type=\"section\">\n\t\t\t\t\t\t<div class=\"elementor-container elementor-column-gap-default\">\n\t\t\t\t\t<div class=\"elementor-column elementor-col-100 elementor-top-column elementor-element elementor-element-b71cdd5\" data-id=\"b71cdd5\" data-element_type=\"column\" data-e-type=\"column\">\n\t\t\t<div class=\"elementor-widget-wrap elementor-element-populated\">\n\t\t\t\t\t\t<div class=\"elementor-element elementor-element-956f7f9 elementor-widget elementor-widget-text-editor\" data-id=\"956f7f9\" data-element_type=\"widget\" data-e-type=\"widget\" data-widget_type=\"text-editor.default\">\n\t\t\t\t\t\t\t\t\t<p>We believe that precision starts with research. Therefore, we use jurimetrics in the preparation of our legal documents and consistently prioritize research. Gustavo Mascarenhas and Vin\u00edcius Vasconcelos are coordinators of the Criminal Precedents Observatory at IDP, a research group dedicated to analyzing, year by year, the criminal jurisprudence of the Supreme Federal Court. We bring this technical approach to all the work we engage in, always combining empirical research with doctrinal content, resulting in precise work.\u00a0<\/p>\t\t\t\t\t\t\t\t<\/div>\n\t\t\t\t\t<\/div>\n\t\t<\/div>\n\t\t\t\t\t<\/div>\n\t\t<\/section>\n\t\t\t\t<section class=\"elementor-section elementor-top-section elementor-element elementor-element-68435b8 elementor-section-boxed elementor-section-height-default elementor-section-height-default\" data-id=\"68435b8\" data-element_type=\"section\" data-e-type=\"section\">\n\t\t\t\t\t\t<div class=\"elementor-container elementor-column-gap-default\">\n\t\t\t\t\t<div class=\"elementor-column elementor-col-50 elementor-top-column elementor-element elementor-element-44f86d6\" data-id=\"44f86d6\" data-element_type=\"column\" data-e-type=\"column\">\n\t\t\t<div class=\"elementor-widget-wrap elementor-element-populated\">\n\t\t\t\t\t\t<div class=\"elementor-element elementor-element-ffca7ba elementor-widget__width-auto elementor-widget-divider--view-line elementor-widget elementor-widget-divider\" data-id=\"ffca7ba\" data-element_type=\"widget\" data-e-type=\"widget\" data-widget_type=\"divider.default\">\n\t\t\t\t\t\t\t<div class=\"elementor-divider\">\n\t\t\t<span class=\"elementor-divider-separator\">\n\t\t\t\t\t\t<\/span>\n\t\t<\/div>\n\t\t\t\t\t\t<\/div>\n\t\t\t\t<div class=\"elementor-element elementor-element-5cb8a7c elementor-widget__width-auto elementor-widget elementor-widget-heading\" data-id=\"5cb8a7c\" data-element_type=\"widget\" data-e-type=\"widget\" data-widget_type=\"heading.default\">\n\t\t\t\t\t<h2 class=\"elementor-heading-title elementor-size-default\">Pro bono services<\/h2>\t\t\t\t<\/div>\n\t\t\t\t\t<\/div>\n\t\t<\/div>\n\t\t\t\t<div class=\"elementor-column elementor-col-50 elementor-top-column elementor-element elementor-element-198a1f7\" data-id=\"198a1f7\" data-element_type=\"column\" data-e-type=\"column\">\n\t\t\t<div class=\"elementor-widget-wrap elementor-element-populated\">\n\t\t\t\t\t\t<div class=\"elementor-element elementor-element-10b26ea elementor-widget elementor-widget-image\" data-id=\"10b26ea\" data-element_type=\"widget\" data-e-type=\"widget\" data-widget_type=\"image.default\">\n\t\t\t\t\t\t\t\t\t\t\t\t\t\t\t<img decoding=\"async\" width=\"800\" height=\"209\" src=\"https:\/\/gmvvadvogados.com.br\/wp-content\/uploads\/2021\/11\/Circulos_e_linhas_2-.svg\" class=\"attachment-large size-large wp-image-390\" alt=\"\" \/>\t\t\t\t\t\t\t\t\t\t\t\t\t\t\t<\/div>\n\t\t\t\t\t<\/div>\n\t\t<\/div>\n\t\t\t\t\t<\/div>\n\t\t<\/section>\n\t\t\t\t<section class=\"elementor-section elementor-top-section elementor-element elementor-element-6b7066c elementor-section-boxed elementor-section-height-default elementor-section-height-default\" data-id=\"6b7066c\" data-element_type=\"section\" data-e-type=\"section\">\n\t\t\t\t\t\t<div class=\"elementor-container elementor-column-gap-default\">\n\t\t\t\t\t<div class=\"elementor-column elementor-col-100 elementor-top-column elementor-element elementor-element-70501f2\" data-id=\"70501f2\" data-element_type=\"column\" data-e-type=\"column\">\n\t\t\t<div class=\"elementor-widget-wrap elementor-element-populated\">\n\t\t\t\t\t\t<div class=\"elementor-element elementor-element-9543091 elementor-widget elementor-widget-text-editor\" data-id=\"9543091\" data-element_type=\"widget\" data-e-type=\"widget\" data-widget_type=\"text-editor.default\">\n\t\t\t\t\t\t\t\t\t<p class=\"translation-block\">The firm operates in a <em>pro bono<\/em> manner, without charging fees for consultancy or litigation, in <strong>situations involving human rights violations and serious illegalities<\/strong> committed against <strong>vulnerable individuals.<\/strong> Additionally, <em>pro bono<\/em> work is also provided in <strong>cases of significance for establishing legal precedents<\/strong>, especially as <em>amicus curiae<\/em>, on behalf of representative institutions. The <em>pro bono<\/em> service will be provided at the partners' discretion, with a decision made before the firm\u2019s involvement in the case.<\/p>\t\t\t\t\t\t\t\t<\/div>\n\t\t\t\t\t<\/div>\n\t\t<\/div>\n\t\t\t\t\t<\/div>\n\t\t<\/section>\n\t\t\t\t<\/div>","protected":false},"excerpt":{"rendered":"<p>O escrit\u00f3rio: Gustavo e Vinicius se conheceram enquanto atuavam nas assessorias de Ministros no Supremo Tribunal Federal e passaram a desenvolver projetos acad\u00eamicos em conjunto, como a pesquisa que resultou no \u201cObservat\u00f3rio Penal\u201d, com a an\u00e1lise estat\u00edstica e de conte\u00fado sobre os habeas corpus concedidos pelo STF nos \u00faltimos anos.Gustavo retornou \u00e0 advocacia em setembro [&hellip;]<\/p>","protected":false},"author":1,"featured_media":0,"parent":0,"menu_order":0,"comment_status":"closed","ping_status":"closed","template":"elementor_header_footer","meta":{"footnotes":""},"class_list":["post-29","page","type-page","status-publish","hentry"],"_links":{"self":[{"href":"https:\/\/gmvvadvogados.com.br\/en\/wp-json\/wp\/v2\/pages\/29","targetHints":{"allow":["GET"]}}],"collection":[{"href":"https:\/\/gmvvadvogados.com.br\/en\/wp-json\/wp\/v2\/pages"}],"about":[{"href":"https:\/\/gmvvadvogados.com.br\/en\/wp-json\/wp\/v2\/types\/page"}],"author":[{"embeddable":true,"href":"https:\/\/gmvvadvogados.com.br\/en\/wp-json\/wp\/v2\/users\/1"}],"replies":[{"embeddable":true,"href":"https:\/\/gmvvadvogados.com.br\/en\/wp-json\/wp\/v2\/comments?post=29"}],"version-history":[{"count":332,"href":"https:\/\/gmvvadvogados.com.br\/en\/wp-json\/wp\/v2\/pages\/29\/revisions"}],"predecessor-version":[{"id":955,"href":"https:\/\/gmvvadvogados.com.br\/en\/wp-json\/wp\/v2\/pages\/29\/revisions\/955"}],"wp:attachment":[{"href":"https:\/\/gmvvadvogados.com.br\/en\/wp-json\/wp\/v2\/media?parent=29"}],"curies":[{"name":"wp","href":"https:\/\/api.w.org\/{rel}","templated":true}]}}